{"id":240,"date":"2018-04-26T18:56:45","date_gmt":"2018-04-26T18:56:45","guid":{"rendered":"http:\/\/miniature.fotodrustvo-kranj.si\/slo\/?page_id=240"},"modified":"2024-06-11T16:16:10","modified_gmt":"2024-06-11T16:16:10","slug":"koledar","status":"publish","type":"page","link":"https:\/\/miniature.fotodrustvo-kranj.si\/slo\/koledar\/","title":{"rendered":"Koledar&#038;\u017dirija"},"content":{"rendered":"<p><strong>Koledar prireditve:<\/strong><\/p>\n<table>\n<tbody>\n<tr>\n<td width=\"307\">Sprejem del:<\/td>\n<td width=\"307\"><strong>15. sep. 2024<\/strong><\/td>\n<\/tr>\n<tr>\n<td width=\"307\">\u017diriranje:<\/td>\n<td width=\"307\"><strong>21. sep. \u2013 28-sep. 2024<\/strong><\/td>\n<\/tr>\n<tr>\n<td width=\"307\">Obvestilo o \u017eiriranju:<\/td>\n<td width=\"307\"><strong>30. sep. 2024<\/strong><\/td>\n<\/tr>\n<tr>\n<td width=\"307\">Odprtje razstave:<\/td>\n<td width=\"307\"><strong>7. nov. 2024<\/strong><\/td>\n<\/tr>\n<tr>\n<td width=\"307\">Po\u0161iljanje katalogov:<\/td>\n<td width=\"307\"><strong>30. dec. 2024<\/strong><\/td>\n<\/tr>\n<\/tbody>\n<\/table>\n<p><strong>\u017dirija:<\/strong><\/p>\n<table>\n<tbody>\n<tr>\n<td width=\"307\">Predsednik: <strong>Stane Vidmar<\/strong><\/td>\n<td width=\"307\">MF FZS, EFIAP\/b \u2013 Slovenija<\/td>\n<\/tr>\n<tr>\n<td width=\"307\">\u010clan: <strong>Branislav Brki\u0107<\/strong><\/td>\n<td width=\"307\">MF FSS, MFIAP, HonEFIAP &#8211; Srbija<\/td>\n<\/tr>\n<tr>\n<td width=\"307\">\u010clan: <strong>Niko Sladi\u010d<\/strong><\/td>\n<td width=\"307\">MF FZS, EFIAP \u2013 Slovenija<\/td>\n<\/tr>\n<tr>\n<td width=\"307\">Rezervni \u010dlan: <strong>Stojan Gorup<\/strong><\/td>\n<td width=\"307\">KMF FZS, EFIAP\/p \u2013 Slovenija<\/td>\n<\/tr>\n<\/tbody>\n<\/table>\n","protected":false},"excerpt":{"rendered":"<p>Koledar prireditve: Sprejem del: 15. sep. 2024 \u017diriranje: 21. sep. \u2013 28-sep. 2024 Obvestilo o \u017eiriranju: 30. sep. 2024 Odprtje razstave: 7. nov. 2024 Po\u0161iljanje katalogov: 30. dec. 2024 \u017dirija: Predsednik: Stane Vidmar MF FZS, EFIAP\/b \u2013 Slovenija \u010clan: Branislav Brki\u0107 MF FSS, MFIAP, HonEFIAP &#8211; Srbija \u010clan: Niko Sladi\u010d MF FZS, EFIAP \u2013 Slovenija &hellip; <\/p>\n<p class=\"link-more\"><a href=\"https:\/\/miniature.fotodrustvo-kranj.si\/slo\/koledar\/\" class=\"more-link\">Preberi ve\u010d<span class=\"screen-reader-text\"> &#8220;Koledar&#038;\u017dirija&#8221;<\/span><\/a><\/p>\n","protected":false},"author":1,"featured_media":0,"parent":0,"menu_order":0,"comment_status":"closed","ping_status":"closed","template":"","meta":{"footnotes":""},"class_list":["post-240","page","type-page","status-publish","hentry"],"_links":{"self":[{"href":"https:\/\/miniature.fotodrustvo-kranj.si\/slo\/wp-json\/wp\/v2\/pages\/240","targetHints":{"allow":["GET"]}}],"collection":[{"href":"https:\/\/miniature.fotodrustvo-kranj.si\/slo\/wp-json\/wp\/v2\/pages"}],"about":[{"href":"https:\/\/miniature.fotodrustvo-kranj.si\/slo\/wp-json\/wp\/v2\/types\/page"}],"author":[{"embeddable":true,"href":"https:\/\/miniature.fotodrustvo-kranj.si\/slo\/wp-json\/wp\/v2\/users\/1"}],"replies":[{"embeddable":true,"href":"https:\/\/miniature.fotodrustvo-kranj.si\/slo\/wp-json\/wp\/v2\/comments?post=240"}],"version-history":[{"count":19,"href":"https:\/\/miniature.fotodrustvo-kranj.si\/slo\/wp-json\/wp\/v2\/pages\/240\/revisions"}],"predecessor-version":[{"id":622,"href":"https:\/\/miniature.fotodrustvo-kranj.si\/slo\/wp-json\/wp\/v2\/pages\/240\/revisions\/622"}],"wp:attachment":[{"href":"https:\/\/miniature.fotodrustvo-kranj.si\/slo\/wp-json\/wp\/v2\/media?parent=240"}],"curies":[{"name":"wp","href":"https:\/\/api.w.org\/{rel}","templated":true}]}}