{"id":237,"date":"2018-04-26T18:55:40","date_gmt":"2018-04-26T18:55:40","guid":{"rendered":"http:\/\/miniature.fotodrustvo-kranj.si\/slo\/?page_id=237"},"modified":"2024-06-10T17:58:36","modified_gmt":"2024-06-10T17:58:36","slug":"o-salonu","status":"publish","type":"page","link":"https:\/\/miniature.fotodrustvo-kranj.si\/slo\/o-salonu\/","title":{"rendered":"O salonu"},"content":{"rendered":"<p>Na razstavi, ki je v skladu s pravili Mednarodne zveze za fotografsko umetnost (FIAP) in Fotografske zveze Slovenije (FZS), lahko sodelujejo fotografi vsega sveta. Nate\u010daj ima tri teme:<br \/>\n<strong>Tema A : De\u017e (barvna ali monokromna)<\/strong><br \/>\n<strong>Tema B: Splo\u0161na barvna<\/strong><br \/>\n<strong>Tema C: Splo\u0161na \u010drno-bela<\/strong><\/p>\n<p>Vsak udele\u017eenec lahko sodeluje s po <strong>\u0161tirimi fotografijami na vsako temo<\/strong>. Fotografije sprejete na prej\u0161njih razstavah MINIATURE ne bodo \u017eirirane.<\/p>\n<p>Fotografije v <strong>JPG<\/strong> formatu v <strong>RGB<\/strong> barvnem prostoru in ob resoluciji <strong>300 dpi<\/strong> imajo lahko samo tri razli\u010dne formate <strong>10&#215;10 cm<\/strong> (10 cm = 1181 pik) <strong>ter pokon\u010dne ali le\u017ee\u010de 12&#215;8 cm<\/strong> ali 12&#215;9 cm. (8 cm = 945 pik, 9 cm = 1063 pik, 12 cm = 1417 pik). Velikost datotek fotografij ne sme presegati <strong>3 MB<\/strong>. Za razstavo sprejete fotografije bomo natisnili in razstavili v okvirjih 25&#215;25 cm, kar je \u017ee ve\u010d kot 20-letna tradicija.<\/p>\n<p>Poimenovanje datotek je poljubno. V prijavnici je naslov slike omejen na <strong>20 znakov<\/strong>.<\/p>\n<p>Oddaja fotografij poteka po spletni aplikaciji https:\/\/miniature.fotodrustvo-kranj.si. Po uspe\u0161ni predaji udele\u017eenec prejme e-mail o sprejemu poslanih fotografij.<\/p>\n<p>Pristojbina za udele\u017ebo na razstavi zna\u0161a<strong> 15 EUR<\/strong> s tem si udele\u017eenec zagotovi prejem PDF kataloga. Z <strong>dodatnimi 5 EUR<\/strong> si udele\u017eenec zagotovi prejem<strong> papirnega kataloga<\/strong>. Pristojbino naka\u017eite na ra\u010dun dru\u0161tva:<br \/>\nIBAN: SI56 0700 0000 0130 652, SWIFT: GORE SI 2X ali na PayPal ra\u010dun dru\u0161tva: fee@fotodrustvo-kranj.si<\/p>\n<p>Fotografije, za katere ne bo pla\u010dana kotizacija, ne bodo \u017eirirane.<\/p>\n<p>V katalogu, ki je pri FIAP prejel oznako 4*, bo objavljena vsaj ena razstavljena fotografija vsakega avtorja.<\/p>\n<p>Organizator lahko poslana dela uporabi za nekomercialno promocijo oziroma predstavitev razstave v medijih in v katalogu. \u010ce se avtor s tem ne strinja, naj to napi\u0161e ob prijavi.<\/p>\n<p>Za najbolj\u0161a dela bo ob odprtju razstave za vsako temo podeljenih do <strong>25 nagrad<\/strong> (zlata, srebrna, bronasta medalje FIAP, FZS in FD Janez Puhar ter 6 \u010dastnih trakov FIAP, do 5 diplom FZS in do 5 diplom Janez Puhar). Vsak udele\u017eenec lahko na eno temo dobi samo eno nagrado. Najbolj\u0161i avtor na razstavi bo prejel posebno modro FIAP zna\u010dko in zlato medaljo FD Janez Puhar. Najbolj\u0161i slovenski avtor prejme bronasto medaljo Janez Puhar. \u010ce je najbolj\u0161i avtor Slovenec, se prej omenjene Bronaste medalje Janez Puhar ne podeli. Odlo\u010ditev \u017eirije je dokon\u010dna in nepreklicna.<\/p>\n<p>Izidi \u017eiriranja bodo objavljeni na spletni strani fotografskega dru\u0161tva Janez Puhar Kranj https:\/\/miniature.fotodrustvo-kranj.si. Vsak udele\u017eenec prejme obvestilo o \u017eiriranju po elektronski po\u0161ti.<\/p>\n<p>Na razstavo poslane fotografije morajo biti v celoti avtorsko delo sodelujo\u010dega, za kar ta tudi prevzema vso odgovornost. Slike ne smejo biti plod izdelave umetne inteligence. . Da avtor v zvezi s pravili v celoti sledi zahtevam FIAP, ob prijavi k sodelovanju na spletni prijavnici potrdi z klikom na kvadratek ob katerem se nahaja tekst:<br \/>\nIzjavljam, da sem seznanjen in se strinjam z vsebino dokumenta FIAP 018\/2017 \u00bbConditions and regulations for FIAP Patronage\u00ab in dokumenta FIAP 033\/2021 \u00bbSanctions for breaching FIAP regulations and the red list\u00ab. Zlasti poglavja II v dokumentu FIAP 018\/2017, kjer se to\u010dki II.2 in II.3 nana\u0161ata na kr\u0161itve in vpis na seznam kr\u0161iteljev (Red list).<\/p>\n<p>Sodelovanje na razstavi pomeni, da se avtor strinja z vsemi pravili, ki jih postavlja organizator.<\/p>\n","protected":false},"excerpt":{"rendered":"<p>Na razstavi, ki je v skladu s pravili Mednarodne zveze za fotografsko umetnost (FIAP) in Fotografske zveze Slovenije (FZS), lahko sodelujejo fotografi vsega sveta. Nate\u010daj ima tri teme: Tema A : De\u017e (barvna ali monokromna) Tema B: Splo\u0161na barvna Tema C: Splo\u0161na \u010drno-bela Vsak udele\u017eenec lahko sodeluje s po \u0161tirimi fotografijami na vsako temo. Fotografije &hellip; <\/p>\n<p class=\"link-more\"><a href=\"https:\/\/miniature.fotodrustvo-kranj.si\/slo\/o-salonu\/\" class=\"more-link\">Preberi ve\u010d<span class=\"screen-reader-text\"> &#8220;O salonu&#8221;<\/span><\/a><\/p>\n","protected":false},"author":1,"featured_media":0,"parent":0,"menu_order":0,"comment_status":"closed","ping_status":"closed","template":"","meta":{"footnotes":""},"class_list":["post-237","page","type-page","status-publish","hentry"],"_links":{"self":[{"href":"https:\/\/miniature.fotodrustvo-kranj.si\/slo\/wp-json\/wp\/v2\/pages\/237","targetHints":{"allow":["GET"]}}],"collection":[{"href":"https:\/\/miniature.fotodrustvo-kranj.si\/slo\/wp-json\/wp\/v2\/pages"}],"about":[{"href":"https:\/\/miniature.fotodrustvo-kranj.si\/slo\/wp-json\/wp\/v2\/types\/page"}],"author":[{"embeddable":true,"href":"https:\/\/miniature.fotodrustvo-kranj.si\/slo\/wp-json\/wp\/v2\/users\/1"}],"replies":[{"embeddable":true,"href":"https:\/\/miniature.fotodrustvo-kranj.si\/slo\/wp-json\/wp\/v2\/comments?post=237"}],"version-history":[{"count":15,"href":"https:\/\/miniature.fotodrustvo-kranj.si\/slo\/wp-json\/wp\/v2\/pages\/237\/revisions"}],"predecessor-version":[{"id":613,"href":"https:\/\/miniature.fotodrustvo-kranj.si\/slo\/wp-json\/wp\/v2\/pages\/237\/revisions\/613"}],"wp:attachment":[{"href":"https:\/\/miniature.fotodrustvo-kranj.si\/slo\/wp-json\/wp\/v2\/media?parent=237"}],"curies":[{"name":"wp","href":"https:\/\/api.w.org\/{rel}","templated":true}]}}