{"id":19,"date":"2016-03-14T22:35:32","date_gmt":"2016-03-14T22:35:32","guid":{"rendered":"http:\/\/miniature.fotodrustvo-kranj.si\/slo\/?page_id=19"},"modified":"2024-09-30T18:35:11","modified_gmt":"2024-09-30T18:35:11","slug":"rezultati","status":"publish","type":"page","link":"https:\/\/miniature.fotodrustvo-kranj.si\/slo\/rezultati\/","title":{"rendered":"Rezultati"},"content":{"rendered":"\n<p>Za najbolj\u0161a dela bo ob odprtju razstave za vsako temo podeljenih do 25 nagrad (zlata, srebrna, bronasta medalje FIAP, FZS in FD Janez Puhar ter 6 \u010dastnih trakov FIAP, do 5 diplom FZS in do 5 diplom Janez Puhar). Vsak udele\u017eenec lahko na eno temo dobi samo eno nagrado. Najbolj\u0161i avtor na razstavi bo prejel posebno modro FIAP zna\u010dko in zlato medaljo FD Janez Puhar. Najbolj\u0161i slovenski avtor prejme bronasto medaljo Janez Puhar. \u010ce je najbolj\u0161i avtor Slovenec, se prej omenjene Bronaste medalje Janez Puhar ne podeli. Odlo\u010ditev \u017eirije je dokon\u010dna in nepreklicna.<\/p>\n\n\n\n<hr class=\"wp-block-separator has-alpha-channel-opacity\"\/>\n\n\n\n<p>2024<\/p>\n\n\n\n<p><b><a href=\"https:\/\/miniature.fotodrustvo-kranj.si\/eng\/wp-content\/uploads\/Miniature-2024-Results.pdf\">Rezultati \u017eiriranja Miniature 2024 v obliki PDF<\/a><br><\/b><\/p>\n\n\n\n<hr class=\"wp-block-separator has-alpha-channel-opacity\"\/>\n\n\n\n<p><span style=\"color: #000000;\">2022<\/span><\/p>\n\n\n\n<p><span style=\"color: #000000;\"><b><a href=\"http:\/\/miniature.fotodrustvo-kranj.si\/slo\/wp-content\/uploads\/Final_results_miniature2022.pdf\">Rezultati \u017eiriranja Miniature 2022 v obliki PDF<\/a><br><\/b><\/span><\/p>\n\n\n\n<hr class=\"wp-block-separator has-alpha-channel-opacity\"\/>\n\n\n\n<p><span style=\"color: #000000;\">2020<\/span><\/p>\n\n\n\n<p><strong><span style=\"color: #000000;\"><a style=\"color: #000000;\" href=\"http:\/\/miniature.fotodrustvo-kranj.si\/results\/2020\/V08_MINIATURE_2020_FINAL.pdf\" target=\"_blank\" rel=\"noopener noreferrer\">Rezultati \u017eiriranja Miniature 2020 v obliki PDF<\/a><\/span><br><\/strong><\/p>\n\n\n\n<p><span style=\"color: #ffffff;\">.<\/span><\/p>\n\n\n\n<hr class=\"wp-block-separator has-alpha-channel-opacity\"\/>\n\n\n\n<p>2018<\/p>\n\n\n\n<p><a href=\"http:\/\/miniature.fotodrustvo-kranj.si\/results\/2018\/final_results_miniature2018.pdf\" target=\"_blank\" rel=\"noopener noreferrer\"><strong>Rezultati \u017eiriranja Miniature 2018 v obliki PDF <\/strong><\/a><\/p>\n\n\n\n<p><\/p>\n","protected":false},"excerpt":{"rendered":"<p>Za najbolj\u0161a dela bo ob odprtju razstave za vsako temo podeljenih do 25 nagrad (zlata, srebrna, bronasta medalje FIAP, FZS in FD Janez Puhar ter 6 \u010dastnih trakov FIAP, do 5 diplom FZS in do 5 diplom Janez Puhar). Vsak udele\u017eenec lahko na eno temo dobi samo eno nagrado. Najbolj\u0161i avtor na razstavi bo prejel &hellip; <\/p>\n<p class=\"link-more\"><a href=\"https:\/\/miniature.fotodrustvo-kranj.si\/slo\/rezultati\/\" class=\"more-link\">Preberi ve\u010d<span class=\"screen-reader-text\"> &#8220;Rezultati&#8221;<\/span><\/a><\/p>\n","protected":false},"author":1,"featured_media":0,"parent":0,"menu_order":60,"comment_status":"closed","ping_status":"closed","template":"","meta":{"footnotes":""},"class_list":["post-19","page","type-page","status-publish","hentry"],"_links":{"self":[{"href":"https:\/\/miniature.fotodrustvo-kranj.si\/slo\/wp-json\/wp\/v2\/pages\/19","targetHints":{"allow":["GET"]}}],"collection":[{"href":"https:\/\/miniature.fotodrustvo-kranj.si\/slo\/wp-json\/wp\/v2\/pages"}],"about":[{"href":"https:\/\/miniature.fotodrustvo-kranj.si\/slo\/wp-json\/wp\/v2\/types\/page"}],"author":[{"embeddable":true,"href":"https:\/\/miniature.fotodrustvo-kranj.si\/slo\/wp-json\/wp\/v2\/users\/1"}],"replies":[{"embeddable":true,"href":"https:\/\/miniature.fotodrustvo-kranj.si\/slo\/wp-json\/wp\/v2\/comments?post=19"}],"version-history":[{"count":31,"href":"https:\/\/miniature.fotodrustvo-kranj.si\/slo\/wp-json\/wp\/v2\/pages\/19\/revisions"}],"predecessor-version":[{"id":630,"href":"https:\/\/miniature.fotodrustvo-kranj.si\/slo\/wp-json\/wp\/v2\/pages\/19\/revisions\/630"}],"wp:attachment":[{"href":"https:\/\/miniature.fotodrustvo-kranj.si\/slo\/wp-json\/wp\/v2\/media?parent=19"}],"curies":[{"name":"wp","href":"https:\/\/api.w.org\/{rel}","templated":true}]}}